{"id":13,"date":"2025-07-18T09:25:43","date_gmt":"2025-07-18T09:25:43","guid":{"rendered":"https:\/\/pippilotta.lu\/contact\/"},"modified":"2026-01-09T21:26:58","modified_gmt":"2026-01-09T21:26:58","slug":"contact","status":"publish","type":"page","link":"https:\/\/pippilotta.lu\/lu\/contact\/","title":{"rendered":"Contact"},"content":{"rendered":"<div data-elementor-type=\"wp-page\" data-elementor-id=\"13\" class=\"elementor elementor-13\" data-elementor-post-type=\"page\">\n\t\t\t\t<div class=\"elementor-element elementor-element-9fc3676 e-flex e-con-boxed e-con e-parent\" data-id=\"9fc3676\" data-element_type=\"container\" data-e-type=\"container\" data-settings=\"{&quot;background_background&quot;:&quot;classic&quot;}\">\n\t\t\t\t\t<div class=\"e-con-inner\">\n\t\t<div class=\"elementor-element elementor-element-569a268 e-con-full e-flex e-con e-child\" data-id=\"569a268\" data-element_type=\"container\" data-e-type=\"container\">\n\t\t\t\t<div class=\"elementor-element elementor-element-d0720a3 elementor-widget elementor-widget-heading\" data-id=\"d0720a3\" data-element_type=\"widget\" data-e-type=\"widget\" data-widget_type=\"heading.default\">\n\t\t\t\t\t<h2 class=\"elementor-heading-title elementor-size-default\">Nous sommes l\u00e0 pour vous aider !<\/h2>\t\t\t\t<\/div>\n\t\t\t\t<div class=\"elementor-element elementor-element-0b27f51 elementor-widget elementor-widget-text-editor\" data-id=\"0b27f51\" data-element_type=\"widget\" data-e-type=\"widget\" data-widget_type=\"text-editor.default\">\n\t\t\t\t\t\t\t\t\t<p>Bienvenue sur notre page de contact ! Nous sommes ravis d&rsquo;avoir de vos nouvelles. Que vous ayez des questions sur nos programmes Montessori ou que vous souhaitiez en savoir plus sur nos installations, n&rsquo;h\u00e9sitez pas \u00e0 nous contacter. Nous sommes ici pour soutenir vous et vos petits \u00e0 chaque \u00e9tape du chemin.<\/p>\t\t\t\t\t\t\t\t<\/div>\n\t\t\t\t<\/div>\n\t\t\t\t\t<\/div>\n\t\t\t\t<\/div>\n\t\t<div class=\"elementor-element elementor-element-056aad4 e-flex e-con-boxed e-con e-parent\" data-id=\"056aad4\" data-element_type=\"container\" data-e-type=\"container\">\n\t\t\t\t\t<div class=\"e-con-inner\">\n\t\t<div class=\"elementor-element elementor-element-8edfc19 e-flex e-con-boxed e-con e-child\" data-id=\"8edfc19\" data-element_type=\"container\" data-e-type=\"container\">\n\t\t\t\t\t<div class=\"e-con-inner\">\n\t\t\t\t<div class=\"elementor-element elementor-element-94206ac elementor-tablet-position-block-start elementor-view-default elementor-position-block-start elementor-mobile-position-block-start elementor-widget elementor-widget-icon-box\" data-id=\"94206ac\" data-element_type=\"widget\" data-e-type=\"widget\" data-widget_type=\"icon-box.default\">\n\t\t\t\t\t\t\t<div class=\"elementor-icon-box-wrapper\">\n\n\t\t\t\t\t\t<div class=\"elementor-icon-box-icon\">\n\t\t\t\t<span  class=\"elementor-icon\">\n\t\t\t\t<svg aria-hidden=\"true\" class=\"e-font-icon-svg e-fas-map-marker-alt\" viewbox=\"0 0 384 512\" xmlns=\"http:\/\/www.w3.org\/2000\/svg\"><path d=\"M172.268 501.67C26.97 291.031 0 269.413 0 192 0 85.961 85.961 0 192 0s192 85.961 192 192c0 77.413-26.97 99.031-172.268 309.67-9.535 13.774-29.93 13.773-39.464 0zM192 272c44.183 0 80-35.817 80-80s-35.817-80-80-80-80 35.817-80 80 35.817 80 80 80z\"><\/path><\/svg>\t\t\t\t<\/span>\n\t\t\t<\/div>\n\t\t\t\n\t\t\t\t\t\t<div class=\"elementor-icon-box-content\">\n\n\t\t\t\t\t\t\t\t\t<h3 class=\"elementor-icon-box-title\">\n\t\t\t\t\t\t<span  >\n\t\t\t\t\t\t\tOur Address\t\t\t\t\t\t<\/span>\n\t\t\t\t\t<\/h3>\n\t\t\t\t\n\t\t\t\t\t\t\t\t\t<p class=\"elementor-icon-box-description\">\n\t\t\t\t\t\tFolschette, Luxembourg\t\t\t\t\t<\/p>\n\t\t\t\t\n\t\t\t<\/div>\n\t\t\t\n\t\t<\/div>\n\t\t\t\t\t\t<\/div>\n\t\t\t\t<div class=\"elementor-element elementor-element-c18a2b5 elementor-tablet-position-block-start elementor-view-default elementor-position-block-start elementor-mobile-position-block-start elementor-widget elementor-widget-icon-box\" data-id=\"c18a2b5\" data-element_type=\"widget\" data-e-type=\"widget\" data-widget_type=\"icon-box.default\">\n\t\t\t\t\t\t\t<div class=\"elementor-icon-box-wrapper\">\n\n\t\t\t\t\t\t<div class=\"elementor-icon-box-icon\">\n\t\t\t\t<span  class=\"elementor-icon\">\n\t\t\t\t<svg aria-hidden=\"true\" class=\"e-font-icon-svg e-fas-phone\" viewbox=\"0 0 512 512\" xmlns=\"http:\/\/www.w3.org\/2000\/svg\"><path d=\"M493.4 24.6l-104-24c-11.3-2.6-22.9 3.3-27.5 13.9l-48 112c-4.2 9.8-1.4 21.3 6.9 28l60.6 49.6c-36 76.7-98.9 140.5-177.2 177.2l-49.6-60.6c-6.8-8.3-18.2-11.1-28-6.9l-112 48C3.9 366.5-2 378.1.6 389.4l24 104C27.1 504.2 36.7 512 48 512c256.1 0 464-207.5 464-464 0-11.2-7.7-20.9-18.6-23.4z\"><\/path><\/svg>\t\t\t\t<\/span>\n\t\t\t<\/div>\n\t\t\t\n\t\t\t\t\t\t<div class=\"elementor-icon-box-content\">\n\n\t\t\t\t\t\t\t\t\t<h3 class=\"elementor-icon-box-title\">\n\t\t\t\t\t\t<span  >\n\t\t\t\t\t\t\tCall Us\t\t\t\t\t\t<\/span>\n\t\t\t\t\t<\/h3>\n\t\t\t\t\n\t\t\t\t\t\t\t\t\t<p class=\"elementor-icon-box-description\">\n\t\t\t\t\t\t00352 691 646 868\t\t\t\t\t<\/p>\n\t\t\t\t\n\t\t\t<\/div>\n\t\t\t\n\t\t<\/div>\n\t\t\t\t\t\t<\/div>\n\t\t\t\t<div class=\"elementor-element elementor-element-25e1af3 elementor-tablet-position-block-start elementor-view-default elementor-position-block-start elementor-mobile-position-block-start elementor-widget elementor-widget-icon-box\" data-id=\"25e1af3\" data-element_type=\"widget\" data-e-type=\"widget\" data-widget_type=\"icon-box.default\">\n\t\t\t\t\t\t\t<div class=\"elementor-icon-box-wrapper\">\n\n\t\t\t\t\t\t<div class=\"elementor-icon-box-icon\">\n\t\t\t\t<span  class=\"elementor-icon\">\n\t\t\t\t<svg aria-hidden=\"true\" class=\"e-font-icon-svg e-fas-envelope\" viewbox=\"0 0 512 512\" xmlns=\"http:\/\/www.w3.org\/2000\/svg\"><path d=\"M502.3 190.8c3.9-3.1 9.7-.2 9.7 4.7V400c0 26.5-21.5 48-48 48H48c-26.5 0-48-21.5-48-48V195.6c0-5 5.7-7.8 9.7-4.7 22.4 17.4 52.1 39.5 154.1 113.6 21.1 15.4 56.7 47.8 92.2 47.6 35.7.3 72-32.8 92.3-47.6 102-74.1 131.6-96.3 154-113.7zM256 320c23.2.4 56.6-29.2 73.4-41.4 132.7-96.3 142.8-104.7 173.4-128.7 5.8-4.5 9.2-11.5 9.2-18.9v-19c0-26.5-21.5-48-48-48H48C21.5 64 0 85.5 0 112v19c0 7.4 3.4 14.3 9.2 18.9 30.6 23.9 40.7 32.4 173.4 128.7 16.8 12.2 50.2 41.8 73.4 41.4z\"><\/path><\/svg>\t\t\t\t<\/span>\n\t\t\t<\/div>\n\t\t\t\n\t\t\t\t\t\t<div class=\"elementor-icon-box-content\">\n\n\t\t\t\t\t\t\t\t\t<h3 class=\"elementor-icon-box-title\">\n\t\t\t\t\t\t<span  >\n\t\t\t\t\t\t\tEmail Us\t\t\t\t\t\t<\/span>\n\t\t\t\t\t<\/h3>\n\t\t\t\t\n\t\t\t\t\t\t\t\t\t<p class=\"elementor-icon-box-description\">\n\t\t\t\t\t\tcreche.pippilotta@gmail.com\t\t\t\t\t<\/p>\n\t\t\t\t\n\t\t\t<\/div>\n\t\t\t\n\t\t<\/div>\n\t\t\t\t\t\t<\/div>\n\t\t\t\t\t<\/div>\n\t\t\t\t<\/div>\n\t\t\t\t<div class=\"elementor-element elementor-element-0f144bd elementor-widget elementor-widget-google_maps\" data-id=\"0f144bd\" data-element_type=\"widget\" data-e-type=\"widget\" data-widget_type=\"google_maps.default\">\n\t\t\t\t\t\t\t<div class=\"elementor-custom-embed\">\n\t\t\t<iframe loading=\"lazy\"\n\t\t\t\t\tsrc=\"https:\/\/maps.google.com\/maps?q=folschette%2C%20Luxembourg&#038;t=m&#038;z=14&#038;output=embed&#038;iwloc=near\"\n\t\t\t\t\ttitle=\"folschette, Luxembourg\"\n\t\t\t\t\taria-label=\"folschette, Luxembourg\"\n\t\t\t><\/iframe>\n\t\t<\/div>\n\t\t\t\t\t\t<\/div>\n\t\t\t\t\t<\/div>\n\t\t\t\t<\/div>\n\t\t\t\t<\/div>","protected":false},"excerpt":{"rendered":"<p>Nous sommes l\u00e0 pour vous aider ! Bienvenue sur notre page de contact ! Nous sommes ravis d&rsquo;avoir de vos nouvelles. Que vous ayez des questions sur nos programmes Montessori ou que vous souhaitiez en savoir plus sur nos installations, n&rsquo;h\u00e9sitez pas \u00e0 nous contacter. Nous sommes ici pour soutenir vous et vos petits \u00e0 [&hellip;]<\/p>","protected":false},"author":1,"featured_media":0,"parent":0,"menu_order":0,"comment_status":"closed","ping_status":"closed","template":"","meta":{"footnotes":""},"class_list":["post-13","page","type-page","status-publish","hentry"],"yoast_head":"<!-- This site is optimized with the Yoast SEO plugin v26.7 - https:\/\/yoast.com\/wordpress\/plugins\/seo\/ -->\n<title>Contact - Cr\u00e8che Pippi Lotta<\/title>\n<meta name=\"robots\" content=\"index, follow, max-snippet:-1, max-image-preview:large, max-video-preview:-1\" \/>\n<link rel=\"canonical\" href=\"https:\/\/pippilotta.lu\/lu\/contact\/\" \/>\n<meta property=\"og:locale\" content=\"en_US\" \/>\n<meta property=\"og:type\" content=\"article\" \/>\n<meta property=\"og:title\" content=\"Contact - Cr\u00e8che Pippi Lotta\" \/>\n<meta property=\"og:description\" content=\"Nous sommes l\u00e0 pour vous aider ! Bienvenue sur notre page de contact ! Nous sommes ravis d&rsquo;avoir de vos nouvelles. Que vous ayez des questions sur nos programmes Montessori ou que vous souhaitiez en savoir plus sur nos installations, n&rsquo;h\u00e9sitez pas \u00e0 nous contacter. Nous sommes ici pour soutenir vous et vos petits \u00e0 [&hellip;]\" \/>\n<meta property=\"og:url\" content=\"https:\/\/pippilotta.lu\/lu\/contact\/\" \/>\n<meta property=\"og:site_name\" content=\"Cr\u00e8che Pippi Lotta\" \/>\n<meta property=\"article:modified_time\" content=\"2026-01-09T21:26:58+00:00\" \/>\n<meta property=\"og:image\" content=\"https:\/\/pippilotta.lu\/wp-content\/uploads\/2025\/07\/pippi-logo-final-transparent-grey-outline-scaled.png\" \/>\n\t<meta property=\"og:image:width\" content=\"2560\" \/>\n\t<meta property=\"og:image:height\" content=\"1810\" \/>\n\t<meta property=\"og:image:type\" content=\"image\/png\" \/>\n<meta name=\"twitter:card\" content=\"summary_large_image\" \/>\n<script type=\"application\/ld+json\" class=\"yoast-schema-graph\">{\"@context\":\"https:\/\/schema.org\",\"@graph\":[{\"@type\":\"WebPage\",\"@id\":\"https:\/\/pippilotta.lu\/contact\/\",\"url\":\"https:\/\/pippilotta.lu\/contact\/\",\"name\":\"Contact - Cr\u00e8che Pippi Lotta\",\"isPartOf\":{\"@id\":\"https:\/\/pippilotta.lu\/#website\"},\"datePublished\":\"2025-07-18T09:25:43+00:00\",\"dateModified\":\"2026-01-09T21:26:58+00:00\",\"breadcrumb\":{\"@id\":\"https:\/\/pippilotta.lu\/contact\/#breadcrumb\"},\"inLanguage\":\"lb\",\"potentialAction\":[{\"@type\":\"ReadAction\",\"target\":[\"https:\/\/pippilotta.lu\/contact\/\"]}]},{\"@type\":\"BreadcrumbList\",\"@id\":\"https:\/\/pippilotta.lu\/contact\/#breadcrumb\",\"itemListElement\":[{\"@type\":\"ListItem\",\"position\":1,\"name\":\"Home\",\"item\":\"https:\/\/pippilotta.lu\/\"},{\"@type\":\"ListItem\",\"position\":2,\"name\":\"Contact\"}]},{\"@type\":\"WebSite\",\"@id\":\"https:\/\/pippilotta.lu\/#website\",\"url\":\"https:\/\/pippilotta.lu\/\",\"name\":\"Cr\u00e8che Pippi Lotta\",\"description\":\"Un lieu de d\u00e9couvertes, de bienveillance et de nature.\",\"publisher\":{\"@id\":\"https:\/\/pippilotta.lu\/#organization\"},\"alternateName\":\"Cr\u00e8che Pippi Lotta\",\"potentialAction\":[{\"@type\":\"SearchAction\",\"target\":{\"@type\":\"EntryPoint\",\"urlTemplate\":\"https:\/\/pippilotta.lu\/?s={search_term_string}\"},\"query-input\":{\"@type\":\"PropertyValueSpecification\",\"valueRequired\":true,\"valueName\":\"search_term_string\"}}],\"inLanguage\":\"lb\"},{\"@type\":\"Organization\",\"@id\":\"https:\/\/pippilotta.lu\/#organization\",\"name\":\"Pippi Lotta\",\"alternateName\":\"Cr\u00e8che Pippi Lotta\",\"url\":\"https:\/\/pippilotta.lu\/\",\"logo\":{\"@type\":\"ImageObject\",\"inLanguage\":\"lb\",\"@id\":\"https:\/\/pippilotta.lu\/#\/schema\/logo\/image\/\",\"url\":\"https:\/\/pippilotta.lu\/wp-content\/uploads\/2025\/07\/pippi-logo-final-transparent-grey-outline-scaled.png\",\"contentUrl\":\"https:\/\/pippilotta.lu\/wp-content\/uploads\/2025\/07\/pippi-logo-final-transparent-grey-outline-scaled.png\",\"width\":2560,\"height\":1810,\"caption\":\"Pippi Lotta\"},\"image\":{\"@id\":\"https:\/\/pippilotta.lu\/#\/schema\/logo\/image\/\"}}]}<\/script>\n<!-- \/ Yoast SEO plugin. -->","yoast_head_json":{"title":"Contact - Cr\u00e8che Pippi Lotta","robots":{"index":"index","follow":"follow","max-snippet":"max-snippet:-1","max-image-preview":"max-image-preview:large","max-video-preview":"max-video-preview:-1"},"canonical":"https:\/\/pippilotta.lu\/lu\/contact\/","og_locale":"en_US","og_type":"article","og_title":"Contact - Cr\u00e8che Pippi Lotta","og_description":"Nous sommes l\u00e0 pour vous aider ! Bienvenue sur notre page de contact ! Nous sommes ravis d&rsquo;avoir de vos nouvelles. Que vous ayez des questions sur nos programmes Montessori ou que vous souhaitiez en savoir plus sur nos installations, n&rsquo;h\u00e9sitez pas \u00e0 nous contacter. Nous sommes ici pour soutenir vous et vos petits \u00e0 [&hellip;]","og_url":"https:\/\/pippilotta.lu\/lu\/contact\/","og_site_name":"Cr\u00e8che Pippi Lotta","article_modified_time":"2026-01-09T21:26:58+00:00","og_image":[{"width":2560,"height":1810,"url":"https:\/\/pippilotta.lu\/wp-content\/uploads\/2025\/07\/pippi-logo-final-transparent-grey-outline-scaled.png","type":"image\/png"}],"twitter_card":"summary_large_image","schema":{"@context":"https:\/\/schema.org","@graph":[{"@type":"WebPage","@id":"https:\/\/pippilotta.lu\/contact\/","url":"https:\/\/pippilotta.lu\/contact\/","name":"Contact - Cr\u00e8che Pippi Lotta","isPartOf":{"@id":"https:\/\/pippilotta.lu\/#website"},"datePublished":"2025-07-18T09:25:43+00:00","dateModified":"2026-01-09T21:26:58+00:00","breadcrumb":{"@id":"https:\/\/pippilotta.lu\/contact\/#breadcrumb"},"inLanguage":"lb","potentialAction":[{"@type":"ReadAction","target":["https:\/\/pippilotta.lu\/contact\/"]}]},{"@type":"BreadcrumbList","@id":"https:\/\/pippilotta.lu\/contact\/#breadcrumb","itemListElement":[{"@type":"ListItem","position":1,"name":"Home","item":"https:\/\/pippilotta.lu\/"},{"@type":"ListItem","position":2,"name":"Contact"}]},{"@type":"WebSite","@id":"https:\/\/pippilotta.lu\/#website","url":"https:\/\/pippilotta.lu\/","name":"Cr\u00e8che Pippi Lotta","description":"Eng Plaz fier z\u2019entdecken, sich wuehl ze fillen an d\u2019Natur kennen ze leieren, eng Plaz wou\n\nen Kand nach Kand da\u00ebrf sinn","publisher":{"@id":"https:\/\/pippilotta.lu\/#organization"},"alternateName":"Cr\u00e8che Pippi Lotta","potentialAction":[{"@type":"SearchAction","target":{"@type":"EntryPoint","urlTemplate":"https:\/\/pippilotta.lu\/?s={search_term_string}"},"query-input":{"@type":"PropertyValueSpecification","valueRequired":true,"valueName":"search_term_string"}}],"inLanguage":"lb"},{"@type":"Organization","@id":"https:\/\/pippilotta.lu\/#organization","name":"Pippi Lotta","alternateName":"Cr\u00e8che Pippi Lotta","url":"https:\/\/pippilotta.lu\/","logo":{"@type":"ImageObject","inLanguage":"lb","@id":"https:\/\/pippilotta.lu\/#\/schema\/logo\/image\/","url":"https:\/\/pippilotta.lu\/wp-content\/uploads\/2025\/07\/pippi-logo-final-transparent-grey-outline-scaled.png","contentUrl":"https:\/\/pippilotta.lu\/wp-content\/uploads\/2025\/07\/pippi-logo-final-transparent-grey-outline-scaled.png","width":2560,"height":1810,"caption":"Pippi Lotta"},"image":{"@id":"https:\/\/pippilotta.lu\/#\/schema\/logo\/image\/"}}]}},"_links":{"self":[{"href":"https:\/\/pippilotta.lu\/lu\/wp-json\/wp\/v2\/pages\/13","targetHints":{"allow":["GET"]}}],"collection":[{"href":"https:\/\/pippilotta.lu\/lu\/wp-json\/wp\/v2\/pages"}],"about":[{"href":"https:\/\/pippilotta.lu\/lu\/wp-json\/wp\/v2\/types\/page"}],"author":[{"embeddable":true,"href":"https:\/\/pippilotta.lu\/lu\/wp-json\/wp\/v2\/users\/1"}],"replies":[{"embeddable":true,"href":"https:\/\/pippilotta.lu\/lu\/wp-json\/wp\/v2\/comments?post=13"}],"version-history":[{"count":7,"href":"https:\/\/pippilotta.lu\/lu\/wp-json\/wp\/v2\/pages\/13\/revisions"}],"predecessor-version":[{"id":283,"href":"https:\/\/pippilotta.lu\/lu\/wp-json\/wp\/v2\/pages\/13\/revisions\/283"}],"wp:attachment":[{"href":"https:\/\/pippilotta.lu\/lu\/wp-json\/wp\/v2\/media?parent=13"}],"curies":[{"name":"wp","href":"https:\/\/api.w.org\/{rel}","templated":true}]}}